{"id":15117,"date":"2025-05-02T16:52:54","date_gmt":"2025-05-02T14:52:54","guid":{"rendered":"https:\/\/fioricarla.com\/?post_type=product&#038;p=15117"},"modified":"2025-05-02T16:55:53","modified_gmt":"2025-05-02T14:55:53","slug":"graduation-wreath-with-3-stabilised-roses","status":"publish","type":"product","link":"https:\/\/fioricarla.com\/en\/product\/corona-di-laurea-con-3-rose-stabilizzate\/","title":{"rendered":"Graduation Crown with 3 Stabilised Roses"},"content":{"rendered":"<p>- The composition may change slightly depending on the availability of flowers and decorations.<\/p>\n<p>- For orders placed before 12 noon, delivery is guaranteed on the same day. After 12 noon, delivery will take place by 1 p.m. the following day.<br \/>\nFor emergencies or to change the delivery date, please contact us by clicking on the whatsapp button.<\/p>\n<p>- Seasonal bouquets and arrangements or those linked to specific holidays (Christmas and Easter) can only be ordered in the corresponding period. This is because our shop welcomes plants and flowers that respect and enhance the seasons and the natural cycle. In the case of special requests, please contact us via whatsapp or telephone and we will meet your requirements.<\/p>","protected":false},"excerpt":{"rendered":"<p>&#8211; La composizione potr\u00e0 lievemente cambiare a seconda della disponibilit\u00e0 dei fiori e delle decorazioni. &#8211; Per gli ordini effettuati entro le 12:00 la consegna \u00e8 garantita in giornata. Dopo le 12:00 la consegna avverr\u00e0 entro le 13 del giorno successivo. Per urgenze o per modificare la data di consegna contattateci cliccando sul pulsante whatsapp. [&hellip;]<\/p>\n","protected":false},"featured_media":15118,"template":"","meta":{"_seopress_robots_primary_cat":"none","_seopress_titles_title":"","_seopress_titles_desc":"","_seopress_robots_index":"","iawp_total_views":8,"uix_meta_title":"","uix_meta_description":"","uix_canonical_url":""},"product_brand":[],"product_cat":[90],"product_tag":[],"class_list":{"0":"post-15117","1":"product","2":"type-product","3":"status-publish","4":"has-post-thumbnail","6":"product_cat-laurea","7":"wcpa_has_options","9":"first","10":"instock","11":"taxable","12":"shipping-taxable","13":"purchasable","14":"product-type-simple"},"_links":{"self":[{"href":"https:\/\/fioricarla.com\/en\/wp-json\/wp\/v2\/product\/15117","targetHints":{"allow":["GET"]}}],"collection":[{"href":"https:\/\/fioricarla.com\/en\/wp-json\/wp\/v2\/product"}],"about":[{"href":"https:\/\/fioricarla.com\/en\/wp-json\/wp\/v2\/types\/product"}],"wp:featuredmedia":[{"embeddable":true,"href":"https:\/\/fioricarla.com\/en\/wp-json\/wp\/v2\/media\/15118"}],"wp:attachment":[{"href":"https:\/\/fioricarla.com\/en\/wp-json\/wp\/v2\/media?parent=15117"}],"wp:term":[{"taxonomy":"product_brand","embeddable":true,"href":"https:\/\/fioricarla.com\/en\/wp-json\/wp\/v2\/product_brand?post=15117"},{"taxonomy":"product_cat","embeddable":true,"href":"https:\/\/fioricarla.com\/en\/wp-json\/wp\/v2\/product_cat?post=15117"},{"taxonomy":"product_tag","embeddable":true,"href":"https:\/\/fioricarla.com\/en\/wp-json\/wp\/v2\/product_tag?post=15117"}],"curies":[{"name":"wp","href":"https:\/\/api.w.org\/{rel}","templated":true}]}}